{"id":2,"date":"2013-09-20T17:32:58","date_gmt":"2013-09-20T17:32:58","guid":{"rendered":"http:\/\/www.dannwollenwirmal.de\/?page_id=2"},"modified":"2013-11-03T15:38:59","modified_gmt":"2013-11-03T13:38:59","slug":"beispiel-seite","status":"publish","type":"page","link":"http:\/\/www.dannwollenwirmal.de\/?page_id=2","title":{"rendered":"\u00fcber&#8230;"},"content":{"rendered":"<p>spannendes, hilfreiches, lustiges, fragw\u00fcrdiges, nachdenkliches, packendes rund ums Thema Heimwerken.<\/p>\n<p>Eine Gratwanderung zwischen Unterhaltung, Wissen und Wahnsinn.<\/p>\n<p>&nbsp;<\/p>\n<p><em>Alle Berichte, Tipps und Meinungen sind subjektiv und haben keine Allgemeing\u00fcltigkeit. Daher wird keine Haftung \u00fcbernommen f\u00fcr Sch\u00e4den, die durch Tipps oder Berichte aus diesem Blog entstehen sollten.<\/em><\/p>\n","protected":false},"excerpt":{"rendered":"<p>spannendes, hilfreiches, lustiges, fragw\u00fcrdiges, nachdenkliches, packendes rund ums Thema Heimwerken. Eine Gratwanderung zwischen Unterhaltung, Wissen und Wahnsinn. &nbsp; Alle Berichte, Tipps und Meinungen sind subjektiv und haben keine Allgemeing\u00fcltigkeit. Daher wird keine Haftung \u00fcbernommen f\u00fcr Sch\u00e4den, die durch Tipps oder Berichte aus diesem Blog entstehen sollten.<\/p>\n","protected":false},"author":1,"featured_media":0,"parent":0,"menu_order":0,"comment_status":"open","ping_status":"open","template":"","meta":{"advanced_seo_description":"","spay_email":""},"jetpack_shortlink":"https:\/\/wp.me\/P3WtlO-2","jetpack_sharing_enabled":true,"jetpack-related-posts":[{"id":2284,"url":"http:\/\/www.dannwollenwirmal.de\/?page_id=2284","url_meta":{"origin":2,"position":0},"title":"Datenschutzerkl\u00e4rung","date":"25. Mai 2018","format":false,"excerpt":"Wer wir sind Die Adresse unserer Website ist: http:\/\/www.dannwollenwirmal.de. Welche personenbezogenen Daten wir sammeln und warum wir sie sammeln Kommentare Wenn Besucher Kommentare auf der Website schreiben, sammeln wir die Daten, die im Kommentar-Formular angezeigt werden, au\u00dferdem die IP-Adresse des Besuchers und den User-Agent-String (damit wird der Browser identifiziert), um\u2026","rel":"","context":"\u00c4hnlicher Beitrag","img":{"alt_text":"","src":"","width":0,"height":0},"classes":[]},{"id":5,"url":"http:\/\/www.dannwollenwirmal.de\/?page_id=5","url_meta":{"origin":2,"position":1},"title":"Impressum","date":"17. September 2013","format":false,"excerpt":"private Internetseite von: Manuel Ohlemeyer c\/o Lange & Ohlemeyer, Askanierweg 12b, 32429 Minden E-Mail: mohlemeyer@unitybox.de (1) Haftungsbeschr\u00e4nkung Inhalte dieser Website Die Inhalte dieser Website werden mit gr\u00f6\u00dftm\u00f6glicher Sorgfalt erstellt. Der Anbieter \u00fcbernimmt jedoch keine Gew\u00e4hr f\u00fcr die Richtigkeit, Vollst\u00e4ndigkeit und Aktualit\u00e4t der bereitgestellten Inhalte. Die Nutzung der abrufbaren Inhalte erfolgt\u2026","rel":"","context":"Mit 3 Kommentaren","img":{"alt_text":"","src":"","width":0,"height":0},"classes":[]},{"id":1291,"url":"http:\/\/www.dannwollenwirmal.de\/?page_id=1291","url_meta":{"origin":2,"position":2},"title":"Projekte","date":"21. Januar 2016","format":false,"excerpt":"Abgeh\u00e4ngte Gipskarton-Decke Badrenovierung \"aus 2 mach 1\" Bad-Umbau mit Podest und bodengleicher Dusche Dachbodenausbau: D\u00e4mmung Dachbodenausbau: Holzdielen Dachbodenausbau: Nachtr\u00e4gliche Unterspannbahn Dachbodenausbau: Trockenbau, Drempel und Dachschr\u00e4gen Dachbodenausbau: Wandgestaltung mit Reibeputz Dachbodenausbau: Finish Dachfenster einbauen Das zwei-Wochen-Bad Empfangstresen bauen Fassade sanieren \/ WDVS selber machen Fensterscheiben einkitten Fensterl\u00e4den bauen Fundament und Wand\u2026","rel":"","context":"Mit 2 Kommentaren","img":{"alt_text":"","src":"","width":0,"height":0},"classes":[]}],"_links":{"self":[{"href":"http:\/\/www.dannwollenwirmal.de\/index.php?rest_route=\/wp\/v2\/pages\/2"}],"collection":[{"href":"http:\/\/www.dannwollenwirmal.de\/index.php?rest_route=\/wp\/v2\/pages"}],"about":[{"href":"http:\/\/www.dannwollenwirmal.de\/index.php?rest_route=\/wp\/v2\/types\/page"}],"author":[{"embeddable":true,"href":"http:\/\/www.dannwollenwirmal.de\/index.php?rest_route=\/wp\/v2\/users\/1"}],"replies":[{"embeddable":true,"href":"http:\/\/www.dannwollenwirmal.de\/index.php?rest_route=%2Fwp%2Fv2%2Fcomments&post=2"}],"version-history":[{"count":4,"href":"http:\/\/www.dannwollenwirmal.de\/index.php?rest_route=\/wp\/v2\/pages\/2\/revisions"}],"predecessor-version":[{"id":165,"href":"http:\/\/www.dannwollenwirmal.de\/index.php?rest_route=\/wp\/v2\/pages\/2\/revisions\/165"}],"wp:attachment":[{"href":"http:\/\/www.dannwollenwirmal.de\/index.php?rest_route=%2Fwp%2Fv2%2Fmedia&parent=2"}],"curies":[{"name":"wp","href":"https:\/\/api.w.org\/{rel}","templated":true}]}}